{"id":22664,"date":"2026-01-09T09:58:52","date_gmt":"2026-01-09T12:58:52","guid":{"rendered":"https:\/\/riiferpul.cl\/?post_type=product&#038;p=22664"},"modified":"2026-01-09T09:58:52","modified_gmt":"2026-01-09T12:58:52","slug":"servicio-de-suministro-e-instalacion-de-moldajes","status":"publish","type":"product","link":"https:\/\/riiferpul.cl\/index.php\/producto\/servicio-de-suministro-e-instalacion-de-moldajes\/","title":{"rendered":"Servicio de Suministro e instalaci\u00f3n de Moldajes"},"content":{"rendered":"","protected":false},"excerpt":{"rendered":"<p>Suministro y Colocaci\u00f3n de Moldajes en Juntas de Construcci\u00f3n con barra de traspaso o Diamond Dowel, sistema gran panel<\/p>\n","protected":false},"featured_media":22665,"comment_status":"closed","ping_status":"closed","template":"","meta":{"_joinchat":[]},"product_brand":[],"product_cat":[15],"product_tag":[],"class_list":{"0":"post-22664","1":"product","2":"type-product","3":"status-publish","4":"has-post-thumbnail","6":"product_cat-servicios","8":"first","9":"instock","10":"taxable","11":"shipping-taxable","12":"product-type-simple"},"_links":{"self":[{"href":"https:\/\/riiferpul.cl\/index.php\/wp-json\/wp\/v2\/product\/22664","targetHints":{"allow":["GET"]}}],"collection":[{"href":"https:\/\/riiferpul.cl\/index.php\/wp-json\/wp\/v2\/product"}],"about":[{"href":"https:\/\/riiferpul.cl\/index.php\/wp-json\/wp\/v2\/types\/product"}],"replies":[{"embeddable":true,"href":"https:\/\/riiferpul.cl\/index.php\/wp-json\/wp\/v2\/comments?post=22664"}],"wp:featuredmedia":[{"embeddable":true,"href":"https:\/\/riiferpul.cl\/index.php\/wp-json\/wp\/v2\/media\/22665"}],"wp:attachment":[{"href":"https:\/\/riiferpul.cl\/index.php\/wp-json\/wp\/v2\/media?parent=22664"}],"wp:term":[{"taxonomy":"product_brand","embeddable":true,"href":"https:\/\/riiferpul.cl\/index.php\/wp-json\/wp\/v2\/product_brand?post=22664"},{"taxonomy":"product_cat","embeddable":true,"href":"https:\/\/riiferpul.cl\/index.php\/wp-json\/wp\/v2\/product_cat?post=22664"},{"taxonomy":"product_tag","embeddable":true,"href":"https:\/\/riiferpul.cl\/index.php\/wp-json\/wp\/v2\/product_tag?post=22664"}],"curies":[{"name":"wp","href":"https:\/\/api.w.org\/{rel}","templated":true}]}}