{"id":22654,"date":"2026-01-09T09:51:09","date_gmt":"2026-01-09T12:51:09","guid":{"rendered":"https:\/\/riiferpul.cl\/?post_type=product&#038;p=22654"},"modified":"2026-01-09T09:53:53","modified_gmt":"2026-01-09T12:53:53","slug":"servicio-de-instalacion-de-radier-peinado","status":"publish","type":"product","link":"https:\/\/riiferpul.cl\/index.php\/producto\/servicio-de-instalacion-de-radier-peinado\/","title":{"rendered":"Servicio de Instalaci\u00f3n de Radier Peinado"},"content":{"rendered":"","protected":false},"excerpt":{"rendered":"<p>Consiste en una terminaci\u00f3n de superficie con un rallado homog\u00e9neo y ordenado cuya justificaci\u00f3n est\u00e1 dada para tener mejor adherencia al tr\u00e1fico, trabajo solicitado especialmente para estacionamientos, calles, accesos vehiculares, etc.<\/p>\n","protected":false},"featured_media":22655,"comment_status":"closed","ping_status":"closed","template":"","meta":{"_joinchat":[]},"product_brand":[],"product_cat":[15],"product_tag":[],"class_list":{"0":"post-22654","1":"product","2":"type-product","3":"status-publish","4":"has-post-thumbnail","6":"product_cat-servicios","8":"first","9":"instock","10":"taxable","11":"shipping-taxable","12":"product-type-simple"},"_links":{"self":[{"href":"https:\/\/riiferpul.cl\/index.php\/wp-json\/wp\/v2\/product\/22654","targetHints":{"allow":["GET"]}}],"collection":[{"href":"https:\/\/riiferpul.cl\/index.php\/wp-json\/wp\/v2\/product"}],"about":[{"href":"https:\/\/riiferpul.cl\/index.php\/wp-json\/wp\/v2\/types\/product"}],"replies":[{"embeddable":true,"href":"https:\/\/riiferpul.cl\/index.php\/wp-json\/wp\/v2\/comments?post=22654"}],"wp:featuredmedia":[{"embeddable":true,"href":"https:\/\/riiferpul.cl\/index.php\/wp-json\/wp\/v2\/media\/22655"}],"wp:attachment":[{"href":"https:\/\/riiferpul.cl\/index.php\/wp-json\/wp\/v2\/media?parent=22654"}],"wp:term":[{"taxonomy":"product_brand","embeddable":true,"href":"https:\/\/riiferpul.cl\/index.php\/wp-json\/wp\/v2\/product_brand?post=22654"},{"taxonomy":"product_cat","embeddable":true,"href":"https:\/\/riiferpul.cl\/index.php\/wp-json\/wp\/v2\/product_cat?post=22654"},{"taxonomy":"product_tag","embeddable":true,"href":"https:\/\/riiferpul.cl\/index.php\/wp-json\/wp\/v2\/product_tag?post=22654"}],"curies":[{"name":"wp","href":"https:\/\/api.w.org\/{rel}","templated":true}]}}