{"id":22642,"date":"2026-01-08T17:16:16","date_gmt":"2026-01-08T20:16:16","guid":{"rendered":"https:\/\/riiferpul.cl\/?post_type=product&#038;p=22642"},"modified":"2026-01-08T17:17:13","modified_gmt":"2026-01-08T20:17:13","slug":"servicio-de-movimiento-de-tierra","status":"publish","type":"product","link":"https:\/\/riiferpul.cl\/index.php\/producto\/servicio-de-movimiento-de-tierra\/","title":{"rendered":"Servicio de Movimiento de Tierra"},"content":{"rendered":"","protected":false},"excerpt":{"rendered":"<p>El movimiento de tierra es un t\u00e9rmino de car\u00e1cter relativamente gen\u00e9rico que se emplea para designar todos aquellos procedimientos de modificaci\u00f3n del suelo para la adquisici\u00f3n de propiedades topol\u00f3gicas adecuadas para obras civiles o estructurales.<\/p>\n<p>\u2022 Escarpe<br \/>\n\u2022 Limpieza<br \/>\n\u2022 Rebaje<br \/>\n\u2022 Relleno compactado<br \/>\n\u2022 Mejoramiento<\/p>\n<p>Estos son s\u00f3lo algunos de los movimientos de tierra para los que est\u00e1 debidamente capacitado el personal de Riiferpul en su correcta ejecuci\u00f3n, proporcionando asistencia t\u00e9cnica adecuada para contratistas y titulares de proyectos de construcci\u00f3n e ingenier\u00eda.<\/p>\n<p>El movimiento de tierra es garantizado mediante la experticia de nuestro personal, en conjunto con maquinaria de \u00faltima generaci\u00f3n: desde dragalinas hasta motoniveladores de gran potencia, tenemos todo lo necesario para desarrollar obras de gran envergadura.<\/p>\n","protected":false},"featured_media":22643,"comment_status":"closed","ping_status":"closed","template":"","meta":{"_joinchat":[]},"product_brand":[],"product_cat":[15],"product_tag":[],"class_list":{"0":"post-22642","1":"product","2":"type-product","3":"status-publish","4":"has-post-thumbnail","6":"product_cat-servicios","8":"first","9":"instock","10":"taxable","11":"shipping-taxable","12":"product-type-simple"},"_links":{"self":[{"href":"https:\/\/riiferpul.cl\/index.php\/wp-json\/wp\/v2\/product\/22642","targetHints":{"allow":["GET"]}}],"collection":[{"href":"https:\/\/riiferpul.cl\/index.php\/wp-json\/wp\/v2\/product"}],"about":[{"href":"https:\/\/riiferpul.cl\/index.php\/wp-json\/wp\/v2\/types\/product"}],"replies":[{"embeddable":true,"href":"https:\/\/riiferpul.cl\/index.php\/wp-json\/wp\/v2\/comments?post=22642"}],"wp:featuredmedia":[{"embeddable":true,"href":"https:\/\/riiferpul.cl\/index.php\/wp-json\/wp\/v2\/media\/22643"}],"wp:attachment":[{"href":"https:\/\/riiferpul.cl\/index.php\/wp-json\/wp\/v2\/media?parent=22642"}],"wp:term":[{"taxonomy":"product_brand","embeddable":true,"href":"https:\/\/riiferpul.cl\/index.php\/wp-json\/wp\/v2\/product_brand?post=22642"},{"taxonomy":"product_cat","embeddable":true,"href":"https:\/\/riiferpul.cl\/index.php\/wp-json\/wp\/v2\/product_cat?post=22642"},{"taxonomy":"product_tag","embeddable":true,"href":"https:\/\/riiferpul.cl\/index.php\/wp-json\/wp\/v2\/product_tag?post=22642"}],"curies":[{"name":"wp","href":"https:\/\/api.w.org\/{rel}","templated":true}]}}