{"id":22128,"date":"2025-04-30T17:31:00","date_gmt":"2025-04-30T21:31:00","guid":{"rendered":"https:\/\/riiferpul.cl\/?page_id=22128"},"modified":"2025-05-13T12:14:17","modified_gmt":"2025-05-13T16:14:17","slug":"productos-especiales","status":"publish","type":"page","link":"https:\/\/riiferpul.cl\/index.php\/productos-especiales\/","title":{"rendered":"Productos Especiales"},"content":{"rendered":"<section class=\"l-section wpb_row height_medium\"><div class=\"l-section-h i-cf\"><div class=\"g-cols vc_row via_grid cols_2-3 laptops-cols_inherit tablets-cols_inherit mobiles-cols_1 valign_top type_default stacking_default\"><div class=\"wpb_column vc_column_container\"><div class=\"vc_column-inner\"><h3 class=\"w-text us_custom_74e066d2 has_text_color\"><span class=\"w-text-h\"><span class=\"w-text-value\">Estamos para atender tu consulta<\/span><\/span><\/h3><div class=\"w-separator size_custom\" style=\"height:20px\"><\/div><div class=\"w-btn-wrapper align_none\"><a class=\"w-btn us-btn-style_1 icon_atleft\" href=\"https:\/\/wa.me\/56999799888\"><i class=\"fab fa-whatsapp\"><\/i><span class=\"w-btn-label\">WHTASAPP<\/span><\/a><\/div><div class=\"w-separator size_custom\" style=\"height:20px\"><\/div><div class=\"w-btn-wrapper align_none\"><a class=\"w-btn us-btn-style_1 icon_atleft\" href=\"https:\/\/wa.me\/56999799888\"><i class=\"fab fa-whatsapp\"><\/i><span class=\"w-btn-label\">WHTASAPP<\/span><\/a><\/div><\/div><\/div><div class=\"wpb_column vc_column_container\"><div class=\"vc_column-inner\"><h3 class=\"w-text us_custom_74e066d2 has_text_color\"><span class=\"w-text-h\"><span class=\"w-text-value\">Cotiza tu medida especial<\/span><\/span><\/h3><div class=\"w-separator size_custom\" style=\"height:20px\"><\/div><div class=\"wpb_text_column\"><div class=\"wpb_wrapper\"><p>Cotiza con nosotros tu medida especial.<\/p>\n<p>D\u00e9janos tu informaci\u00f3n para realizar tu cotizaci\u00f3n en el siguiente formulario.<\/p>\n<\/div><\/div><div class=\"w-separator size_custom\" style=\"height:20px\"><\/div><p class=\"wpcf7-contact-form-not-found\"><strong>Error:<\/strong> Formulario de contacto no encontrado.<\/p><\/div><\/div><\/div><\/div><\/section>\n","protected":false},"excerpt":{"rendered":"Estamos para atender tu consultaWHTASAPPWHTASAPPCotiza tu medida especialCotiza con nosotros tu medida especial. D\u00e9janos tu informaci\u00f3n para realizar tu cotizaci\u00f3n en el siguiente formulario. Error: Formulario de contacto no encontrado.","protected":false},"author":72,"featured_media":0,"parent":0,"menu_order":0,"comment_status":"closed","ping_status":"closed","template":"","meta":{"_joinchat":[],"footnotes":""},"class_list":["post-22128","page","type-page","status-publish","hentry"],"_links":{"self":[{"href":"https:\/\/riiferpul.cl\/index.php\/wp-json\/wp\/v2\/pages\/22128","targetHints":{"allow":["GET"]}}],"collection":[{"href":"https:\/\/riiferpul.cl\/index.php\/wp-json\/wp\/v2\/pages"}],"about":[{"href":"https:\/\/riiferpul.cl\/index.php\/wp-json\/wp\/v2\/types\/page"}],"author":[{"embeddable":true,"href":"https:\/\/riiferpul.cl\/index.php\/wp-json\/wp\/v2\/users\/72"}],"replies":[{"embeddable":true,"href":"https:\/\/riiferpul.cl\/index.php\/wp-json\/wp\/v2\/comments?post=22128"}],"version-history":[{"count":3,"href":"https:\/\/riiferpul.cl\/index.php\/wp-json\/wp\/v2\/pages\/22128\/revisions"}],"predecessor-version":[{"id":22150,"href":"https:\/\/riiferpul.cl\/index.php\/wp-json\/wp\/v2\/pages\/22128\/revisions\/22150"}],"wp:attachment":[{"href":"https:\/\/riiferpul.cl\/index.php\/wp-json\/wp\/v2\/media?parent=22128"}],"curies":[{"name":"wp","href":"https:\/\/api.w.org\/{rel}","templated":true}]}}