{"id":21425,"date":"2024-11-30T11:21:12","date_gmt":"2024-11-30T14:21:12","guid":{"rendered":"https:\/\/directoriocoihueco.cl\/starclick.prueba.cl\/?page_id=21425"},"modified":"2026-01-11T02:23:58","modified_gmt":"2026-01-11T05:23:58","slug":"contacto","status":"publish","type":"page","link":"https:\/\/riiferpul.cl\/index.php\/contacto\/","title":{"rendered":"Contacto"},"content":{"rendered":"<section class=\"l-section wpb_row height_medium\"><div class=\"l-section-h i-cf\"><div class=\"g-cols vc_row via_grid cols_1 laptops-cols_inherit tablets-cols_inherit mobiles-cols_1 valign_top type_default stacking_default\"><div class=\"wpb_column vc_column_container us_custom_8f2ba1f4 us_animate_this\"><div class=\"vc_column-inner\"><h3 class=\"w-text us_custom_eb849559\"><span class=\"w-text-h\"><span class=\"w-text-value\">Informaci\u00f3n de contacto<\/span><\/span><\/h3><\/div><\/div><div class=\"wpb_column vc_column_container\"><div class=\"vc_column-inner\"><div class=\"g-cols wpb_row us_custom_60e9caca us_animate_this via_grid cols_4 laptops-cols_inherit tablets-cols_inherit mobiles-cols_1 valign_top type_default stacking_default\" style=\"--columns-gap:3rem;\"><div class=\"wpb_column vc_column_container\"><div class=\"vc_column-inner\"><div class=\"w-iconbox us_custom_9e98e115 has_text_color iconpos_top style_outlined color_primary align_center no_text\" id=\"icono-telefono\"><a href=\"tel:+56229343887\" class=\"w-iconbox-link\" aria-label=\"+562 2934 3887\"><div class=\"w-iconbox-icon\" style=\"font-size:15px;\"><i class=\"fas fa-phone-alt\"><\/i><\/div><\/a><div class=\"w-iconbox-meta\"><p class=\"w-iconbox-title\"><a href=\"tel:+56229343887\" class=\"w-iconbox-link\" aria-label=\"+562 2934 3887\">+562 2934 3887<\/a><\/p><\/div><\/div><\/div><\/div><div class=\"wpb_column vc_column_container\"><div class=\"vc_column-inner\"><div class=\"w-iconbox us_custom_492c027f has_text_color iconpos_top style_outlined color_primary align_center no_text\" id=\"icono-telefono\"><a href=\"https:\/\/api.whatsapp.com\/send?phone=56952283645\" class=\"w-iconbox-link\" aria-label=\"+569 5228 3645\"><div class=\"w-iconbox-icon\" style=\"font-size:15px;\"><i class=\"fab fa-whatsapp\"><\/i><\/div><\/a><div class=\"w-iconbox-meta\"><p class=\"w-iconbox-title\"><a href=\"https:\/\/api.whatsapp.com\/send?phone=56952283645\" class=\"w-iconbox-link\" aria-label=\"+569 5228 3645\">+569 5228 3645<\/a><\/p><\/div><\/div><\/div><\/div><div class=\"wpb_column vc_column_container\"><div class=\"vc_column-inner\"><div class=\"w-iconbox us_custom_492c027f has_text_color iconpos_top style_outlined color_primary align_center no_text\" id=\"icono-telefono\"><a href=\"mailto:ventas@riiferpul.cl\" class=\"w-iconbox-link\" aria-label=\"ventas@riiferpul.cl\"><div class=\"w-iconbox-icon\" style=\"font-size:15px;\"><i class=\"fas fa-envelope\"><\/i><\/div><\/a><div class=\"w-iconbox-meta\"><p class=\"w-iconbox-title\"><a href=\"mailto:ventas@riiferpul.cl\" class=\"w-iconbox-link\" aria-label=\"ventas@riiferpul.cl\">ventas@riiferpul.cl<\/a><\/p><\/div><\/div><\/div><\/div><div class=\"wpb_column vc_column_container\"><div class=\"vc_column-inner\"><div class=\"w-iconbox us_custom_492c027f has_text_color iconpos_top style_outlined color_primary align_center no_text\" id=\"icono-telefono\"><a href=\"https:\/\/maps.app.goo.gl\/u1x1G3HjXoe4qZFL7\" class=\"w-iconbox-link\" aria-label=\"Calle Gral. Bdo. O\u2019higgins #1817 \u2013 Maip\u00fa.\"><div class=\"w-iconbox-icon\" style=\"font-size:15px;\"><i class=\"fas fa-map-marker-alt\"><\/i><\/div><\/a><div class=\"w-iconbox-meta\"><p class=\"w-iconbox-title\"><a href=\"https:\/\/maps.app.goo.gl\/u1x1G3HjXoe4qZFL7\" class=\"w-iconbox-link\" aria-label=\"Calle Gral. Bdo. O\u2019higgins #1817 \u2013 Maip\u00fa.\">Calle Gral. Bdo. O\u2019higgins #1817 \u2013 Maip\u00fa.<\/a><\/p><\/div><\/div><\/div><\/div><\/div><div class=\"g-cols wpb_row us_custom_a518f36e us_animate_this via_grid cols_1 laptops-cols_inherit tablets-cols_inherit mobiles-cols_1 valign_top type_default stacking_default\" style=\"--columns-gap:3rem;\"><div class=\"wpb_column vc_column_container\"><div class=\"vc_column-inner\"><div class=\"w-separator size_custom\" style=\"height:20px\"><\/div><h3 class=\"w-text us_custom_eb849559\"><span class=\"w-text-h\"><span class=\"w-text-value\">Formulario<\/span><\/span><\/h3><div class=\"w-separator size_custom\" style=\"height:20px\"><\/div>\n<div class=\"wpcf7 no-js us-field-style_2\" id=\"wpcf7-f22856-o1\" lang=\"es-ES\" dir=\"ltr\" data-wpcf7-id=\"22856\">\n<div class=\"screen-reader-response\"><p role=\"status\" aria-live=\"polite\" aria-atomic=\"true\"><\/p> <ul><\/ul><\/div>\n<form action=\"\/index.php\/wp-json\/wp\/v2\/pages\/21425#wpcf7-f22856-o1\" method=\"post\" class=\"wpcf7-form init\" aria-label=\"Formulario de contacto\" novalidate=\"novalidate\" data-status=\"init\">\n<fieldset class=\"hidden-fields-container\"><input type=\"hidden\" name=\"_wpcf7\" value=\"22856\" \/><input type=\"hidden\" name=\"_wpcf7_version\" value=\"6.1.4\" \/><input type=\"hidden\" name=\"_wpcf7_locale\" value=\"es_ES\" \/><input type=\"hidden\" name=\"_wpcf7_unit_tag\" value=\"wpcf7-f22856-o1\" \/><input type=\"hidden\" name=\"_wpcf7_container_post\" value=\"0\" \/><input type=\"hidden\" name=\"_wpcf7_posted_data_hash\" value=\"\" \/><input type=\"hidden\" name=\"_wpcf7_recaptcha_response\" value=\"\" \/>\n<\/fieldset>\n<div id=\"responsive-form\" class=\"clearfix\">\n\t<div class=\"form-row\">\n\t\t<div class=\"column-half\">\n\t\t\t<p>*Nombre <span class=\"wpcf7-form-control-wrap\" data-name=\"your-name\"><input size=\"40\" maxlength=\"400\" class=\"wpcf7-form-control wpcf7-text wpcf7-validates-as-required\" aria-required=\"true\" aria-invalid=\"false\" value=\"\" type=\"text\" name=\"your-name\" \/><\/span>\n\t\t\t<\/p>\n\t\t<\/div>\n\t\t<div class=\"column-half\">\n\t\t\t<p>Tipo de trabajo <span class=\"wpcf7-form-control-wrap\" data-name=\"trabajo\"><select class=\"wpcf7-form-control wpcf7-select\" aria-invalid=\"false\" name=\"trabajo\"><option value=\"Radier\">Radier<\/option><option value=\"Losa\">Losa<\/option><option value=\"Pisos Industriales\">Pisos Industriales<\/option><option value=\"Hormig\u00f3n Estampado\">Hormig\u00f3n Estampado<\/option><option value=\"Otro especificar\">Otro especificar<\/option><\/select><\/span>\n\t\t\t<\/p>\n\t\t<\/div>\n\t<\/div>\n\t<div class=\"form-row\">\n\t\t<div class=\"column-half\">\n\t\t\t<p>*Empresa <span class=\"wpcf7-form-control-wrap\" data-name=\"empresa\"><input size=\"40\" maxlength=\"400\" class=\"wpcf7-form-control wpcf7-text wpcf7-validates-as-required\" aria-required=\"true\" aria-invalid=\"false\" value=\"\" type=\"text\" name=\"empresa\" \/><\/span>\n\t\t\t<\/p>\n\t\t<\/div>\n\t\t<div class=\"column-half\">\n\t\t\t<p>Hormig\u00f3n <span class=\"wpcf7-form-control-wrap\" data-name=\"hormigon\"><select class=\"wpcf7-form-control wpcf7-select\" aria-invalid=\"false\" name=\"hormigon\"><option value=\"Suministrado por Cliente\">Suministrado por Cliente<\/option><option value=\"Suministrado por Riiferpul\">Suministrado por Riiferpul<\/option><\/select><\/span>\n\t\t\t<\/p>\n\t\t<\/div>\n\t<\/div>\n\t<div class=\"form-row\">\n\t\t<div class=\"column-half\">\n\t\t\t<p>*RUT Empresa <span class=\"wpcf7-form-control-wrap\" data-name=\"rutempresa\"><input size=\"40\" maxlength=\"400\" class=\"wpcf7-form-control wpcf7-text wpcf7-validates-as-required\" aria-required=\"true\" aria-invalid=\"false\" value=\"\" type=\"text\" name=\"rutempresa\" \/><\/span>\n\t\t\t<\/p>\n\t\t<\/div>\n\t\t<div class=\"column-half\">\n\t\t\t<p>Terminaci\u00f3n <span class=\"wpcf7-form-control-wrap\" data-name=\"terminacion\"><select class=\"wpcf7-form-control wpcf7-select\" aria-invalid=\"false\" name=\"terminacion\"><option value=\"Pulido\">Pulido<\/option><option value=\"Peinado\">Peinado<\/option><option value=\"Platachado\">Platachado<\/option><option value=\"Pulido 7 pasos\">Pulido 7 pasos<\/option><\/select><\/span>\n\t\t\t<\/p>\n\t\t<\/div>\n\t<\/div>\n\t<div class=\"form-row\">\n\t\t<div class=\"column-half\">\n\t\t\t<p>*Tel\u00e9fono <span class=\"wpcf7-form-control-wrap\" data-name=\"telefono\"><input size=\"40\" maxlength=\"400\" class=\"wpcf7-form-control wpcf7-tel wpcf7-validates-as-required wpcf7-text wpcf7-validates-as-tel\" aria-required=\"true\" aria-invalid=\"false\" value=\"\" type=\"tel\" name=\"telefono\" \/><\/span>\n\t\t\t<\/p>\n\t\t<\/div>\n\t\t<div class=\"column-half\">\n\t\t\t<p>Suplementos adicionales <span class=\"wpcf7-form-control-wrap\" data-name=\"suplementos\"><select class=\"wpcf7-form-control wpcf7-select\" aria-invalid=\"false\" name=\"suplementos\"><option value=\"Membrana de curado base acuosa\">Membrana de curado base acuosa<\/option><option value=\"Membrana de curado base solvente\">Membrana de curado base solvente<\/option><option value=\"Cuarzo (color)\">Cuarzo (color)<\/option><option value=\"Sello acr\u00edlico (color)\">Sello acr\u00edlico (color)<\/option><option value=\"Banda dilataci\u00f3n\">Banda dilataci\u00f3n<\/option><option value=\"Otro (especificar)\">Otro (especificar)<\/option><\/select><\/span>\n\t\t\t<\/p>\n\t\t<\/div>\n\t<\/div>\n\t<div class=\"form-row\">\n\t\t<div class=\"column-half\">\n\t\t\t<p>*Email <span class=\"wpcf7-form-control-wrap\" data-name=\"email\"><input size=\"40\" maxlength=\"400\" class=\"wpcf7-form-control wpcf7-email wpcf7-validates-as-required wpcf7-text wpcf7-validates-as-email\" aria-required=\"true\" aria-invalid=\"false\" value=\"\" type=\"email\" name=\"email\" \/><\/span>\n\t\t\t<\/p>\n\t\t<\/div>\n\t\t<div class=\"column-half\">\n\t\t\t<p>Sello de juntas <span class=\"wpcf7-form-control-wrap\" data-name=\"sellojuntas\"><select class=\"wpcf7-form-control wpcf7-select\" aria-invalid=\"false\" name=\"sellojuntas\"><option value=\"Si\">Si<\/option><option value=\"No\">No<\/option><\/select><\/span>\n\t\t\t<\/p>\n\t\t<\/div>\n\t<\/div>\n\t<div class=\"form-row\">\n\t\t<div class=\"column-half\">\n\t\t\t<p>Rubro <span class=\"wpcf7-form-control-wrap\" data-name=\"rubro\"><select class=\"wpcf7-form-control wpcf7-select\" aria-invalid=\"false\" name=\"rubro\"><option value=\"Industrial\">Industrial<\/option><option value=\"Particular\">Particular<\/option><option value=\"Obras Menores\">Obras Menores<\/option><\/select><\/span>\n\t\t\t<\/p>\n\t\t<\/div>\n\t\t<div class=\"column-half\">\n\t\t\t<p>ML <span class=\"wpcf7-form-control-wrap\" data-name=\"ml\"><input size=\"40\" maxlength=\"400\" class=\"wpcf7-form-control wpcf7-text\" aria-invalid=\"false\" value=\"\" type=\"text\" name=\"ml\" \/><\/span>\n\t\t\t<\/p>\n\t\t<\/div>\n\t<\/div>\n\t<div class=\"form-row\">\n\t\t<div class=\"column-half\">\n\t\t\t<p>*Ubicaci\u00f3n trabajos\/obra <span class=\"wpcf7-form-control-wrap\" data-name=\"ubicaciontrabajos\"><input size=\"40\" maxlength=\"400\" class=\"wpcf7-form-control wpcf7-text wpcf7-validates-as-required\" aria-required=\"true\" aria-invalid=\"false\" value=\"\" type=\"text\" name=\"ubicaciontrabajos\" \/><\/span>\n\t\t\t<\/p>\n\t\t<\/div>\n\t\t<div class=\"column-half\">\n\t\t\t<p>Trabajos adicionales <span class=\"wpcf7-form-control-wrap\" data-name=\"trabajosadicionales\"><select class=\"wpcf7-form-control wpcf7-select\" aria-invalid=\"false\" name=\"trabajosadicionales\"><option value=\"Preparaci\u00f3n de cancha\">Preparaci\u00f3n de cancha<\/option><option value=\"Nivelaci\u00f3n y compactaci\u00f3n\">Nivelaci\u00f3n y compactaci\u00f3n<\/option><option value=\"Rectificaci\u00f3n de cancha\">Rectificaci\u00f3n de cancha<\/option><option value=\"Instalaci\u00f3n de moldajes\">Instalaci\u00f3n de moldajes<\/option><\/select><\/span>\n\t\t\t<\/p>\n\t\t<\/div>\n\t<\/div>\n\t<div class=\"form-row\">\n\t\t<div class=\"column-half\">\n\t\t\t<p>*Metros Cuadrados (M<sup>2<\/sup>) <span class=\"wpcf7-form-control-wrap\" data-name=\"metros\"><input size=\"40\" maxlength=\"400\" class=\"wpcf7-form-control wpcf7-text wpcf7-validates-as-required\" aria-required=\"true\" aria-invalid=\"false\" value=\"\" type=\"text\" name=\"metros\" \/><\/span>\n\t\t\t<\/p>\n\t\t<\/div>\n\t\t<div class=\"column-half\">\n\t\t\t<p>Comentarios adicionales <span class=\"wpcf7-form-control-wrap\" data-name=\"comentarios\"><input size=\"40\" maxlength=\"400\" class=\"wpcf7-form-control wpcf7-text\" aria-invalid=\"false\" value=\"\" type=\"text\" name=\"comentarios\" \/><\/span>\n\t\t\t<\/p>\n\t\t<\/div>\n\t<\/div>\n\t<div class=\"form-row\">\n\t\t<div class=\"column-full\">\n\t\t\t<p><input class=\"wpcf7-form-control wpcf7-submit has-spinner\" type=\"submit\" value=\"Enviar\" \/>\n\t\t\t<\/p>\n\t\t<\/div>\n\t<\/div>\n<\/div><div class=\"wpcf7-response-output\" aria-hidden=\"true\"><\/div>\n<\/form>\n<\/div>\n<\/div><\/div><\/div><\/div><\/div><\/div><\/div><\/section>\n","protected":false},"excerpt":{"rendered":"Informaci\u00f3n de contacto+562 2934 3887+569 5228 3645ventas@riiferpul.clCalle Gral. Bdo. O\u2019higgins #1817 \u2013 Maip\u00fa.Formulario *Nombre Tipo de trabajo RadierLosaPisos IndustrialesHormig\u00f3n EstampadoOtro especificar *Empresa Hormig\u00f3n Suministrado por ClienteSuministrado por Riiferpul *RUT Empresa Terminaci\u00f3n PulidoPeinadoPlatachadoPulido 7 pasos *Tel\u00e9fono Suplementos adicionales Membrana de curado base acuosaMembrana de curado base solventeCuarzo (color)Sello acr\u00edlico (color)Banda dilataci\u00f3nOtro (especificar) *Email Sello de juntas...","protected":false},"author":72,"featured_media":0,"parent":0,"menu_order":0,"comment_status":"closed","ping_status":"closed","template":"","meta":{"_joinchat":[],"footnotes":""},"class_list":["post-21425","page","type-page","status-publish","hentry"],"_links":{"self":[{"href":"https:\/\/riiferpul.cl\/index.php\/wp-json\/wp\/v2\/pages\/21425","targetHints":{"allow":["GET"]}}],"collection":[{"href":"https:\/\/riiferpul.cl\/index.php\/wp-json\/wp\/v2\/pages"}],"about":[{"href":"https:\/\/riiferpul.cl\/index.php\/wp-json\/wp\/v2\/types\/page"}],"author":[{"embeddable":true,"href":"https:\/\/riiferpul.cl\/index.php\/wp-json\/wp\/v2\/users\/72"}],"replies":[{"embeddable":true,"href":"https:\/\/riiferpul.cl\/index.php\/wp-json\/wp\/v2\/comments?post=21425"}],"version-history":[{"count":28,"href":"https:\/\/riiferpul.cl\/index.php\/wp-json\/wp\/v2\/pages\/21425\/revisions"}],"predecessor-version":[{"id":22863,"href":"https:\/\/riiferpul.cl\/index.php\/wp-json\/wp\/v2\/pages\/21425\/revisions\/22863"}],"wp:attachment":[{"href":"https:\/\/riiferpul.cl\/index.php\/wp-json\/wp\/v2\/media?parent=21425"}],"curies":[{"name":"wp","href":"https:\/\/api.w.org\/{rel}","templated":true}]}}